{"id":17,"date":"2019-09-17T11:41:10","date_gmt":"2019-09-17T09:41:10","guid":{"rendered":"http:\/\/epiranc.com\/?page_id=17"},"modified":"2019-11-17T12:36:39","modified_gmt":"2019-11-17T11:36:39","slug":"home","status":"publish","type":"page","link":"https:\/\/epiranc.com\/?page_id=17","title":{"rendered":"\u00c0 propos"},"content":{"rendered":"\t\t<div data-elementor-type=\"wp-page\" data-elementor-id=\"17\" class=\"elementor elementor-17\">\n\t\t\t\t\t\t<section class=\"elementor-section elementor-top-section elementor-element elementor-element-c58b2cd elementor-section-boxed elementor-section-height-default elementor-section-height-default\" data-id=\"c58b2cd\" data-element_type=\"section\" data-settings=\"{&quot;background_background&quot;:&quot;classic&quot;}\">\n\t\t\t\t\t\t<div class=\"elementor-container elementor-column-gap-default\">\n\t\t\t\t\t<div class=\"elementor-column elementor-col-100 elementor-top-column elementor-element elementor-element-d85165a\" data-id=\"d85165a\" data-element_type=\"column\">\n\t\t\t<div class=\"elementor-widget-wrap elementor-element-populated\">\n\t\t\t\t\t\t<div class=\"elementor-element elementor-element-4037b6b elementor-widget elementor-widget-image\" data-id=\"4037b6b\" data-element_type=\"widget\" data-widget_type=\"image.default\">\n\t\t\t\t<div class=\"elementor-widget-container\">\n\t\t\t\t\t\t\t\t\t\t\t\t\t\t\t<img fetchpriority=\"high\" decoding=\"async\" width=\"768\" height=\"166\" src=\"https:\/\/epiranc.com\/wp-content\/uploads\/2019\/11\/EPIRANC_logo_V1_nb-1-768x166.png\" class=\"attachment-medium_large size-medium_large wp-image-175\" alt=\"\" srcset=\"https:\/\/epiranc.com\/wp-content\/uploads\/2019\/11\/EPIRANC_logo_V1_nb-1-768x166.png 768w, https:\/\/epiranc.com\/wp-content\/uploads\/2019\/11\/EPIRANC_logo_V1_nb-1-300x65.png 300w, https:\/\/epiranc.com\/wp-content\/uploads\/2019\/11\/EPIRANC_logo_V1_nb-1.png 1022w\" sizes=\"(max-width: 768px) 100vw, 768px\" \/>\t\t\t\t\t\t\t\t\t\t\t\t\t\t\t<\/div>\n\t\t\t\t<\/div>\n\t\t\t\t\t<\/div>\n\t\t<\/div>\n\t\t\t\t\t<\/div>\n\t\t<\/section>\n\t\t\t\t<section class=\"elementor-section elementor-top-section elementor-element elementor-element-d9dc8f3 elementor-section-boxed elementor-section-height-default elementor-section-height-default\" data-id=\"d9dc8f3\" data-element_type=\"section\" data-settings=\"{&quot;background_background&quot;:&quot;classic&quot;}\">\n\t\t\t\t\t\t<div class=\"elementor-container elementor-column-gap-default\">\n\t\t\t\t\t<div class=\"elementor-column elementor-col-100 elementor-top-column elementor-element elementor-element-e0c1bd7\" data-id=\"e0c1bd7\" data-element_type=\"column\">\n\t\t\t<div class=\"elementor-widget-wrap elementor-element-populated\">\n\t\t\t\t\t\t<div class=\"elementor-element elementor-element-f304739 elementor-widget elementor-widget-testimonial\" data-id=\"f304739\" data-element_type=\"widget\" data-widget_type=\"testimonial.default\">\n\t\t\t\t<div class=\"elementor-widget-container\">\n\t\t\t\t\t\t\t<div class=\"elementor-testimonial-wrapper\">\n\t\t\t\t\t\t\t<div class=\"elementor-testimonial-content\">Dipl\u00f4m\u00e9 d'une th\u00e8se de doctorat appliqu\u00e9e aux Moteurs \u00e0 Apport de Chaleur Externe apr\u00e8s un parcours scolaire atypique, je peux vous accompagner dans vos projets d'ing\u00e9nieries et de recherches dans le domaine de la m\u00e9canique des fluides, de la thermique et de l'instrumentation.<\/div>\n\t\t\t\n\t\t\t\t\t\t<div class=\"elementor-testimonial-meta elementor-has-image elementor-testimonial-image-position-aside\">\n\t\t\t\t<div class=\"elementor-testimonial-meta-inner\">\n\t\t\t\t\t\t\t\t\t\t\t<div class=\"elementor-testimonial-image\">\n\t\t\t\t\t\t\t<img decoding=\"async\" width=\"1780\" height=\"1532\" src=\"https:\/\/epiranc.com\/wp-content\/uploads\/2019\/11\/M1020242_DxO-1.jpg\" class=\"attachment-full size-full wp-image-170\" alt=\"\" srcset=\"https:\/\/epiranc.com\/wp-content\/uploads\/2019\/11\/M1020242_DxO-1.jpg 1780w, https:\/\/epiranc.com\/wp-content\/uploads\/2019\/11\/M1020242_DxO-1-300x258.jpg 300w, https:\/\/epiranc.com\/wp-content\/uploads\/2019\/11\/M1020242_DxO-1-1024x881.jpg 1024w, https:\/\/epiranc.com\/wp-content\/uploads\/2019\/11\/M1020242_DxO-1-768x661.jpg 768w, https:\/\/epiranc.com\/wp-content\/uploads\/2019\/11\/M1020242_DxO-1-1536x1322.jpg 1536w\" sizes=\"(max-width: 1780px) 100vw, 1780px\" \/>\t\t\t\t\t\t<\/div>\n\t\t\t\t\t\n\t\t\t\t\t\t\t\t\t\t<div class=\"elementor-testimonial-details\">\n\t\t\t\t\t\t\t\t\t\t\t\t\t\t<div class=\"elementor-testimonial-name\">Pierre Ranc<\/div>\n\t\t\t\t\t\t\t\t\t\t\t\t\t\t\t\t\t\t\t\t\t\t<div class=\"elementor-testimonial-job\">Docteur en \u00e9nerg\u00e9tique<\/div>\n\t\t\t\t\t\t\t\t\t\t\t\t\t<\/div>\n\t\t\t\t\t\t\t\t\t<\/div>\n\t\t\t<\/div>\n\t\t\t\t\t<\/div>\n\t\t\t\t\t\t<\/div>\n\t\t\t\t<\/div>\n\t\t\t\t\t<\/div>\n\t\t<\/div>\n\t\t\t\t\t<\/div>\n\t\t<\/section>\n\t\t\t\t<\/div>\n\t\t","protected":false},"excerpt":{"rendered":"<p>Dipl\u00f4m\u00e9 d&#8217;une th\u00e8se de doctorat appliqu\u00e9e aux Moteurs \u00e0 Apport de Chaleur Externe apr\u00e8s un parcours scolaire atypique, je peux &hellip; <\/p>\n<p><a href=\"https:\/\/epiranc.com\/?page_id=17\" class=\"more-link\">Read More<\/a><\/p>\n","protected":false},"author":1,"featured_media":0,"parent":0,"menu_order":0,"comment_status":"closed","ping_status":"closed","template":"elementor_header_footer","meta":{"footnotes":""},"class_list":["post-17","page","type-page","status-publish","hentry"],"_links":{"self":[{"href":"https:\/\/epiranc.com\/index.php?rest_route=\/wp\/v2\/pages\/17","targetHints":{"allow":["GET"]}}],"collection":[{"href":"https:\/\/epiranc.com\/index.php?rest_route=\/wp\/v2\/pages"}],"about":[{"href":"https:\/\/epiranc.com\/index.php?rest_route=\/wp\/v2\/types\/page"}],"author":[{"embeddable":true,"href":"https:\/\/epiranc.com\/index.php?rest_route=\/wp\/v2\/users\/1"}],"replies":[{"embeddable":true,"href":"https:\/\/epiranc.com\/index.php?rest_route=%2Fwp%2Fv2%2Fcomments&post=17"}],"version-history":[{"count":15,"href":"https:\/\/epiranc.com\/index.php?rest_route=\/wp\/v2\/pages\/17\/revisions"}],"predecessor-version":[{"id":177,"href":"https:\/\/epiranc.com\/index.php?rest_route=\/wp\/v2\/pages\/17\/revisions\/177"}],"wp:attachment":[{"href":"https:\/\/epiranc.com\/index.php?rest_route=%2Fwp%2Fv2%2Fmedia&parent=17"}],"curies":[{"name":"wp","href":"https:\/\/api.w.org\/{rel}","templated":true}]}}