{"id":47,"date":"2019-11-16T15:02:12","date_gmt":"2019-11-16T14:02:12","guid":{"rendered":"http:\/\/epiranc.com\/?page_id=47"},"modified":"2025-01-15T14:54:45","modified_gmt":"2025-01-15T13:54:45","slug":"banc-dessais","status":"publish","type":"page","link":"https:\/\/epiranc.com\/?page_id=47","title":{"rendered":"Banc d&#8217;essais"},"content":{"rendered":"\t\t<div data-elementor-type=\"wp-page\" data-elementor-id=\"47\" class=\"elementor elementor-47\">\n\t\t\t\t\t\t<section class=\"elementor-section elementor-top-section elementor-element elementor-element-74533ff elementor-section-boxed elementor-section-height-default elementor-section-height-default\" data-id=\"74533ff\" data-element_type=\"section\" data-settings=\"{&quot;background_background&quot;:&quot;classic&quot;}\">\n\t\t\t\t\t\t<div class=\"elementor-container elementor-column-gap-default\">\n\t\t\t\t\t<div class=\"elementor-column elementor-col-100 elementor-top-column elementor-element elementor-element-1530034\" data-id=\"1530034\" data-element_type=\"column\">\n\t\t\t<div class=\"elementor-widget-wrap elementor-element-populated\">\n\t\t\t\t\t\t<div class=\"elementor-element elementor-element-b7f29da elementor-widget elementor-widget-heading\" data-id=\"b7f29da\" data-element_type=\"widget\" data-widget_type=\"heading.default\">\n\t\t\t\t<div class=\"elementor-widget-container\">\n\t\t\t\t\t<h1 class=\"elementor-heading-title elementor-size-default\">Banc d'essais fluidique<\/h1>\t\t\t\t<\/div>\n\t\t\t\t<\/div>\n\t\t\t\t\t<\/div>\n\t\t<\/div>\n\t\t\t\t\t<\/div>\n\t\t<\/section>\n\t\t\t\t<section class=\"elementor-section elementor-top-section elementor-element elementor-element-ca3bd1d elementor-section-full_width elementor-section-content-middle elementor-section-height-default elementor-section-height-default\" data-id=\"ca3bd1d\" data-element_type=\"section\" data-settings=\"{&quot;background_background&quot;:&quot;classic&quot;}\">\n\t\t\t\t\t\t<div class=\"elementor-container elementor-column-gap-narrow\">\n\t\t\t\t\t<div class=\"elementor-column elementor-col-33 elementor-top-column elementor-element elementor-element-53f5d40\" data-id=\"53f5d40\" data-element_type=\"column\">\n\t\t\t<div class=\"elementor-widget-wrap elementor-element-populated\">\n\t\t\t\t\t\t<div class=\"elementor-element elementor-element-4cf2c7f elementor-widget elementor-widget-e_image_hover_effects\" data-id=\"4cf2c7f\" data-element_type=\"widget\" data-widget_type=\"e_image_hover_effects.default\">\n\t\t\t\t<div class=\"elementor-widget-container\">\n\t\t\t\t\t\t\t\t<div class=\"eihe-box eihe-slide-left eihe_\">\n\t\t\t\t<img fetchpriority=\"high\" decoding=\"async\" width=\"1920\" height=\"2560\" src=\"https:\/\/epiranc.com\/wp-content\/uploads\/2019\/11\/PB153521_DxO-scaled.jpg\" class=\"attachment-full size-full wp-image-144\" alt=\"\" srcset=\"https:\/\/epiranc.com\/wp-content\/uploads\/2019\/11\/PB153521_DxO-scaled.jpg 1920w, https:\/\/epiranc.com\/wp-content\/uploads\/2019\/11\/PB153521_DxO-225x300.jpg 225w, https:\/\/epiranc.com\/wp-content\/uploads\/2019\/11\/PB153521_DxO-768x1024.jpg 768w, https:\/\/epiranc.com\/wp-content\/uploads\/2019\/11\/PB153521_DxO-1152x1536.jpg 1152w, https:\/\/epiranc.com\/wp-content\/uploads\/2019\/11\/PB153521_DxO-1536x2048.jpg 1536w\" sizes=\"(max-width: 1920px) 100vw, 1920px\" \/>\t\t\t\t<div class=\"eihe-caption\">\n\t\t\t\t\t<div class=\"eihe-title-cover\">\n\t\t\t\t\t\t\t\t\t\t\t\t<h1 class=\"eihe-title\">Prototypage par impression 3D plastique<\/h1>\n\t\t\t\t\t\t\t\t\t\t\t<\/div>\n\t\t\t\t\t<p><\/p>\n\t\t\t\t<\/div>\n\t\t\t<\/div>\n\t\t\t\t\t\t<\/div>\n\t\t\t\t<\/div>\n\t\t\t\t\t<\/div>\n\t\t<\/div>\n\t\t\t\t<div class=\"elementor-column elementor-col-33 elementor-top-column elementor-element elementor-element-92c3943\" data-id=\"92c3943\" data-element_type=\"column\">\n\t\t\t<div class=\"elementor-widget-wrap elementor-element-populated\">\n\t\t\t\t\t\t<div class=\"elementor-element elementor-element-79168af elementor-widget elementor-widget-e_image_hover_effects\" data-id=\"79168af\" data-element_type=\"widget\" data-widget_type=\"e_image_hover_effects.default\">\n\t\t\t\t<div class=\"elementor-widget-container\">\n\t\t\t\t\t\t\t\t<div class=\"eihe-box eihe-fade-in-up eihe_\">\n\t\t\t\t<img decoding=\"async\" width=\"2560\" height=\"1920\" src=\"https:\/\/epiranc.com\/wp-content\/uploads\/2019\/11\/PB153531_DxO-scaled.jpg\" class=\"attachment-full size-full wp-image-139\" alt=\"\" srcset=\"https:\/\/epiranc.com\/wp-content\/uploads\/2019\/11\/PB153531_DxO-scaled.jpg 2560w, https:\/\/epiranc.com\/wp-content\/uploads\/2019\/11\/PB153531_DxO-300x225.jpg 300w, https:\/\/epiranc.com\/wp-content\/uploads\/2019\/11\/PB153531_DxO-1024x768.jpg 1024w, https:\/\/epiranc.com\/wp-content\/uploads\/2019\/11\/PB153531_DxO-768x576.jpg 768w, https:\/\/epiranc.com\/wp-content\/uploads\/2019\/11\/PB153531_DxO-1536x1152.jpg 1536w, https:\/\/epiranc.com\/wp-content\/uploads\/2019\/11\/PB153531_DxO-2048x1536.jpg 2048w\" sizes=\"(max-width: 2560px) 100vw, 2560px\" \/>\t\t\t\t<div class=\"eihe-caption\">\n\t\t\t\t\t<div class=\"eihe-title-cover\">\n\t\t\t\t\t\t\t\t\t\t\t\t<h1 class=\"eihe-title\">Banc d'essais fluidique<\/h1>\n\t\t\t\t\t\t\t\t\t\t\t<\/div>\n\t\t\t\t\t<p>Prototype d\u00e9di\u00e9 \u00e0 des \u00e9tudes fluidiques instationnaires d'injection d'air dans un cylindre dont le volume est modulable.<\/p>\n\t\t\t\t<\/div>\n\t\t\t<\/div>\n\t\t\t\t\t\t<\/div>\n\t\t\t\t<\/div>\n\t\t\t\t\t<\/div>\n\t\t<\/div>\n\t\t\t\t<div class=\"elementor-column elementor-col-33 elementor-top-column elementor-element elementor-element-b34524e\" data-id=\"b34524e\" data-element_type=\"column\">\n\t\t\t<div class=\"elementor-widget-wrap elementor-element-populated\">\n\t\t\t\t\t\t<div class=\"elementor-element elementor-element-4832da3 elementor-widget elementor-widget-e_image_hover_effects\" data-id=\"4832da3\" data-element_type=\"widget\" data-widget_type=\"e_image_hover_effects.default\">\n\t\t\t\t<div class=\"elementor-widget-container\">\n\t\t\t\t\t\t\t\t<div class=\"eihe-box eihe-slide-right eihe_\">\n\t\t\t\t<img decoding=\"async\" width=\"1920\" height=\"2560\" src=\"https:\/\/epiranc.com\/wp-content\/uploads\/2019\/11\/PB153520_DxO-scaled.jpg\" class=\"attachment-full size-full wp-image-143\" alt=\"\" srcset=\"https:\/\/epiranc.com\/wp-content\/uploads\/2019\/11\/PB153520_DxO-scaled.jpg 1920w, https:\/\/epiranc.com\/wp-content\/uploads\/2019\/11\/PB153520_DxO-225x300.jpg 225w, https:\/\/epiranc.com\/wp-content\/uploads\/2019\/11\/PB153520_DxO-768x1024.jpg 768w, https:\/\/epiranc.com\/wp-content\/uploads\/2019\/11\/PB153520_DxO-1152x1536.jpg 1152w, https:\/\/epiranc.com\/wp-content\/uploads\/2019\/11\/PB153520_DxO-1536x2048.jpg 1536w\" sizes=\"(max-width: 1920px) 100vw, 1920px\" \/>\t\t\t\t<div class=\"eihe-caption\">\n\t\t\t\t\t<div class=\"eihe-title-cover\">\n\t\t\t\t\t\t\t\t\t\t\t\t<h1 class=\"eihe-title\">Usinages<\/h1>\n\t\t\t\t\t\t\t\t\t\t\t<\/div>\n\t\t\t\t\t<p><\/p>\n\t\t\t\t<\/div>\n\t\t\t<\/div>\n\t\t\t\t\t\t<\/div>\n\t\t\t\t<\/div>\n\t\t\t\t\t<\/div>\n\t\t<\/div>\n\t\t\t\t\t<\/div>\n\t\t<\/section>\n\t\t\t\t<section class=\"elementor-section elementor-top-section elementor-element elementor-element-9b76614 elementor-section-boxed elementor-section-height-default elementor-section-height-default\" data-id=\"9b76614\" data-element_type=\"section\" data-settings=\"{&quot;background_background&quot;:&quot;classic&quot;}\">\n\t\t\t\t\t\t<div class=\"elementor-container elementor-column-gap-default\">\n\t\t\t\t\t<div class=\"elementor-column elementor-col-100 elementor-top-column elementor-element elementor-element-2f06920\" data-id=\"2f06920\" data-element_type=\"column\">\n\t\t\t<div class=\"elementor-widget-wrap elementor-element-populated\">\n\t\t\t\t\t\t<div class=\"elementor-element elementor-element-e07b612 elementor-widget elementor-widget-heading\" data-id=\"e07b612\" data-element_type=\"widget\" data-widget_type=\"heading.default\">\n\t\t\t\t<div class=\"elementor-widget-container\">\n\t\t\t\t\t<h1 class=\"elementor-heading-title elementor-size-default\">Banc d'essais de machines thermiques<\/h1>\t\t\t\t<\/div>\n\t\t\t\t<\/div>\n\t\t\t\t\t<\/div>\n\t\t<\/div>\n\t\t\t\t\t<\/div>\n\t\t<\/section>\n\t\t\t\t<section class=\"elementor-section elementor-top-section elementor-element elementor-element-5dbe7feb elementor-section-boxed elementor-section-height-default elementor-section-height-default\" data-id=\"5dbe7feb\" data-element_type=\"section\" data-settings=\"{&quot;background_background&quot;:&quot;classic&quot;}\">\n\t\t\t\t\t\t<div class=\"elementor-container elementor-column-gap-default\">\n\t\t\t\t\t<div class=\"elementor-column elementor-col-100 elementor-top-column elementor-element elementor-element-23ce8de8\" data-id=\"23ce8de8\" data-element_type=\"column\">\n\t\t\t<div class=\"elementor-widget-wrap elementor-element-populated\">\n\t\t\t\t\t\t<div class=\"elementor-element elementor-element-4fa65af7 elementor-widget elementor-widget-text-editor\" data-id=\"4fa65af7\" data-element_type=\"widget\" data-widget_type=\"text-editor.default\">\n\t\t\t\t<div class=\"elementor-widget-container\">\n\t\t\t\t\t\t\t\t\t\n<figure class=\"wp-block-embed-youtube wp-block-embed is-type-video is-provider-youtube wp-embed-aspect-16-9 wp-has-aspect-ratio\"><div class=\"wp-block-embed__wrapper\">\n<iframe title=\"Time lapse th\u00e8se de doctorat moteur Ericsson\" width=\"960\" height=\"540\" src=\"https:\/\/www.youtube.com\/embed\/Ocs8sOcMQZY?start=4&feature=oembed\" frameborder=\"0\" allow=\"accelerometer; autoplay; encrypted-media; gyroscope; picture-in-picture\" allowfullscreen><\/iframe>\n<\/div><\/figure>\n\t\t\t\t\t\t\t\t<\/div>\n\t\t\t\t<\/div>\n\t\t\t\t\t<\/div>\n\t\t<\/div>\n\t\t\t\t\t<\/div>\n\t\t<\/section>\n\t\t\t\t<section class=\"elementor-section elementor-top-section elementor-element elementor-element-ded0a5d elementor-section-boxed elementor-section-height-default elementor-section-height-default\" data-id=\"ded0a5d\" data-element_type=\"section\" data-settings=\"{&quot;background_background&quot;:&quot;classic&quot;}\">\n\t\t\t\t\t\t<div class=\"elementor-container elementor-column-gap-default\">\n\t\t\t\t\t<div class=\"elementor-column elementor-col-100 elementor-top-column elementor-element elementor-element-9895726\" data-id=\"9895726\" data-element_type=\"column\">\n\t\t\t<div class=\"elementor-widget-wrap elementor-element-populated\">\n\t\t\t\t\t\t<div class=\"elementor-element elementor-element-9697b5e elementor-align-center elementor-widget elementor-widget-button\" data-id=\"9697b5e\" data-element_type=\"widget\" data-widget_type=\"button.default\">\n\t\t\t\t<div class=\"elementor-widget-container\">\n\t\t\t\t\t\t\t\t\t<div class=\"elementor-button-wrapper\">\n\t\t\t\t\t<a class=\"elementor-button elementor-button-link elementor-size-md\" href=\"http:\/\/www.theses.fr\/s198917\">\n\t\t\t\t\t\t<span class=\"elementor-button-content-wrapper\">\n\t\t\t\t\t\t\t\t\t<span class=\"elementor-button-text\">Plus d'informations<\/span>\n\t\t\t\t\t<\/span>\n\t\t\t\t\t<\/a>\n\t\t\t\t<\/div>\n\t\t\t\t\t\t\t\t<\/div>\n\t\t\t\t<\/div>\n\t\t\t\t\t<\/div>\n\t\t<\/div>\n\t\t\t\t\t<\/div>\n\t\t<\/section>\n\t\t\t\t<\/div>\n\t\t","protected":false},"excerpt":{"rendered":"<p>Banc d&#8217;essais fluidique Prototypage par impression 3D plastique Banc d&#8217;essais fluidique Prototype d\u00e9di\u00e9 \u00e0 des \u00e9tudes fluidiques instationnaires d&#8217;injection d&#8217;air &hellip; <\/p>\n<p><a href=\"https:\/\/epiranc.com\/?page_id=47\" class=\"more-link\">Read More<\/a><\/p>\n","protected":false},"author":1,"featured_media":0,"parent":0,"menu_order":0,"comment_status":"closed","ping_status":"closed","template":"elementor_header_footer","meta":{"footnotes":""},"class_list":["post-47","page","type-page","status-publish","hentry"],"_links":{"self":[{"href":"https:\/\/epiranc.com\/index.php?rest_route=\/wp\/v2\/pages\/47","targetHints":{"allow":["GET"]}}],"collection":[{"href":"https:\/\/epiranc.com\/index.php?rest_route=\/wp\/v2\/pages"}],"about":[{"href":"https:\/\/epiranc.com\/index.php?rest_route=\/wp\/v2\/types\/page"}],"author":[{"embeddable":true,"href":"https:\/\/epiranc.com\/index.php?rest_route=\/wp\/v2\/users\/1"}],"replies":[{"embeddable":true,"href":"https:\/\/epiranc.com\/index.php?rest_route=%2Fwp%2Fv2%2Fcomments&post=47"}],"version-history":[{"count":16,"href":"https:\/\/epiranc.com\/index.php?rest_route=\/wp\/v2\/pages\/47\/revisions"}],"predecessor-version":[{"id":182,"href":"https:\/\/epiranc.com\/index.php?rest_route=\/wp\/v2\/pages\/47\/revisions\/182"}],"wp:attachment":[{"href":"https:\/\/epiranc.com\/index.php?rest_route=%2Fwp%2Fv2%2Fmedia&parent=47"}],"curies":[{"name":"wp","href":"https:\/\/api.w.org\/{rel}","templated":true}]}}