{"id":88,"date":"2019-11-16T15:04:33","date_gmt":"2019-11-16T14:04:33","guid":{"rendered":"http:\/\/epiranc.com\/?page_id=88"},"modified":"2025-09-26T19:52:47","modified_gmt":"2025-09-26T17:52:47","slug":"instrumentations","status":"publish","type":"page","link":"https:\/\/epiranc.com\/?page_id=88","title":{"rendered":"Instrumentations"},"content":{"rendered":"\t\t<div data-elementor-type=\"wp-page\" data-elementor-id=\"88\" class=\"elementor elementor-88\">\n\t\t\t\t\t\t<section class=\"elementor-section elementor-top-section elementor-element elementor-element-c471ccf elementor-section-boxed elementor-section-height-default elementor-section-height-default\" data-id=\"c471ccf\" data-element_type=\"section\" data-settings=\"{&quot;background_background&quot;:&quot;classic&quot;}\">\n\t\t\t\t\t\t<div class=\"elementor-container elementor-column-gap-default\">\n\t\t\t\t\t<div class=\"elementor-column elementor-col-50 elementor-top-column elementor-element elementor-element-0666ee8\" data-id=\"0666ee8\" data-element_type=\"column\">\n\t\t\t<div class=\"elementor-widget-wrap elementor-element-populated\">\n\t\t\t\t\t\t<div class=\"elementor-element elementor-element-fcf281a elementor-position-top elementor-widget elementor-widget-image-box\" data-id=\"fcf281a\" data-element_type=\"widget\" data-widget_type=\"image-box.default\">\n\t\t\t\t<div class=\"elementor-widget-container\">\n\t\t\t\t\t<div class=\"elementor-image-box-wrapper\"><figure class=\"elementor-image-box-img\"><img fetchpriority=\"high\" decoding=\"async\" width=\"1733\" height=\"1335\" src=\"https:\/\/epiranc.com\/wp-content\/uploads\/2019\/09\/capteur_127.png\" class=\"elementor-animation-push attachment-full size-full wp-image-23\" alt=\"\" srcset=\"https:\/\/epiranc.com\/wp-content\/uploads\/2019\/09\/capteur_127.png 1733w, https:\/\/epiranc.com\/wp-content\/uploads\/2019\/09\/capteur_127-300x231.png 300w, https:\/\/epiranc.com\/wp-content\/uploads\/2019\/09\/capteur_127-768x592.png 768w, https:\/\/epiranc.com\/wp-content\/uploads\/2019\/09\/capteur_127-1024x789.png 1024w\" sizes=\"(max-width: 1733px) 100vw, 1733px\" \/><\/figure><div class=\"elementor-image-box-content\"><h3 class=\"elementor-image-box-title\">Agrandissement d'un microthermocouple<\/h3><p class=\"elementor-image-box-description\">Les microthermocouples sont confectionn\u00e9s \u00e0 partir d'un couple d'alliage m\u00e9tallique permettant d'offrir un effet Seebek maximum. <br>Par leur faible taille, les microthermocouples permettent de mesurer les variations de temp\u00e9rature instationnaire et pr\u00e9sentent une fr\u00e9quence de coupure qui en fonction de la construction du capteur peut-\u00eatre comprise de l'ordre de la dizaine \u00e0 quelques dizaines de Hertz.<\/p><\/div><\/div>\t\t\t\t<\/div>\n\t\t\t\t<\/div>\n\t\t\t\t<div class=\"elementor-element elementor-element-5202cfa elementor-widget elementor-widget-counter\" data-id=\"5202cfa\" data-element_type=\"widget\" data-widget_type=\"counter.default\">\n\t\t\t\t<div class=\"elementor-widget-container\">\n\t\t\t\t\t\t\t<div class=\"elementor-counter\">\n\t\t\t<div class=\"elementor-counter-title\">Diam\u00e8tre de jonction<\/div>\t\t\t<div class=\"elementor-counter-number-wrapper\">\n\t\t\t\t<span class=\"elementor-counter-number-prefix\"><\/span>\n\t\t\t\t<span class=\"elementor-counter-number\" data-duration=\"2000\" data-to-value=\"12.7\" data-from-value=\"0\" data-delimiter=\",\">0<\/span>\n\t\t\t\t<span class=\"elementor-counter-number-suffix\">\u00b5m<\/span>\n\t\t\t<\/div>\n\t\t<\/div>\n\t\t\t\t\t\t<\/div>\n\t\t\t\t<\/div>\n\t\t\t\t\t<\/div>\n\t\t<\/div>\n\t\t\t\t<div class=\"elementor-column elementor-col-50 elementor-top-column elementor-element elementor-element-f3c9894\" data-id=\"f3c9894\" data-element_type=\"column\">\n\t\t\t<div class=\"elementor-widget-wrap elementor-element-populated\">\n\t\t\t\t\t\t<div class=\"elementor-element elementor-element-4a55030 elementor-position-top elementor-widget elementor-widget-image-box\" data-id=\"4a55030\" data-element_type=\"widget\" data-settings=\"{&quot;_animation&quot;:&quot;none&quot;}\" data-widget_type=\"image-box.default\">\n\t\t\t\t<div class=\"elementor-widget-container\">\n\t\t\t\t\t<div class=\"elementor-image-box-wrapper\"><figure class=\"elementor-image-box-img\"><img decoding=\"async\" width=\"2560\" height=\"1920\" src=\"https:\/\/epiranc.com\/wp-content\/uploads\/2019\/11\/PB153532_DxO-scaled.jpg\" class=\"elementor-animation-push attachment-full size-full wp-image-159\" alt=\"\" srcset=\"https:\/\/epiranc.com\/wp-content\/uploads\/2019\/11\/PB153532_DxO-scaled.jpg 2560w, https:\/\/epiranc.com\/wp-content\/uploads\/2019\/11\/PB153532_DxO-300x225.jpg 300w, https:\/\/epiranc.com\/wp-content\/uploads\/2019\/11\/PB153532_DxO-1024x768.jpg 1024w, https:\/\/epiranc.com\/wp-content\/uploads\/2019\/11\/PB153532_DxO-768x576.jpg 768w, https:\/\/epiranc.com\/wp-content\/uploads\/2019\/11\/PB153532_DxO-1536x1152.jpg 1536w, https:\/\/epiranc.com\/wp-content\/uploads\/2019\/11\/PB153532_DxO-2048x1536.jpg 2048w\" sizes=\"(max-width: 2560px) 100vw, 2560px\" \/><\/figure><div class=\"elementor-image-box-content\"><h3 class=\"elementor-image-box-title\">Instrumentation en zone \u00e0 acc\u00e8s difficile<\/h3><p class=\"elementor-image-box-description\">En fonction du mode de construction choisi, il est possible d'instrumenter des zones o\u00f9 l'acc\u00e8s est difficile. <\/p><\/div><\/div>\t\t\t\t<\/div>\n\t\t\t\t<\/div>\n\t\t\t\t\t<\/div>\n\t\t<\/div>\n\t\t\t\t\t<\/div>\n\t\t<\/section>\n\t\t\t\t<section class=\"elementor-section elementor-top-section elementor-element elementor-element-f8dce28 elementor-section-boxed elementor-section-height-default elementor-section-height-default\" data-id=\"f8dce28\" data-element_type=\"section\" data-settings=\"{&quot;background_background&quot;:&quot;classic&quot;}\">\n\t\t\t\t\t\t<div class=\"elementor-container elementor-column-gap-default\">\n\t\t\t\t\t<div class=\"elementor-column elementor-col-100 elementor-top-column elementor-element elementor-element-73aa00a\" data-id=\"73aa00a\" data-element_type=\"column\">\n\t\t\t<div class=\"elementor-widget-wrap elementor-element-populated\">\n\t\t\t\t\t\t<div class=\"elementor-element elementor-element-0f66552 elementor-widget elementor-widget-e_image_hover_effects\" data-id=\"0f66552\" data-element_type=\"widget\" data-widget_type=\"e_image_hover_effects.default\">\n\t\t\t\t<div class=\"elementor-widget-container\">\n\t\t\t\t\t\t\t\t<div class=\"eihe-box eihe-fade-in-up eihe_\">\n\t\t\t\t<img decoding=\"async\" width=\"2560\" height=\"898\" src=\"https:\/\/epiranc.com\/wp-content\/uploads\/2019\/11\/P1010204_DxO-scaled.jpg\" class=\"attachment-full size-full wp-image-158\" alt=\"\" srcset=\"https:\/\/epiranc.com\/wp-content\/uploads\/2019\/11\/P1010204_DxO-scaled.jpg 2560w, https:\/\/epiranc.com\/wp-content\/uploads\/2019\/11\/P1010204_DxO-300x105.jpg 300w, https:\/\/epiranc.com\/wp-content\/uploads\/2019\/11\/P1010204_DxO-1024x359.jpg 1024w, https:\/\/epiranc.com\/wp-content\/uploads\/2019\/11\/P1010204_DxO-768x269.jpg 768w, https:\/\/epiranc.com\/wp-content\/uploads\/2019\/11\/P1010204_DxO-1536x539.jpg 1536w, https:\/\/epiranc.com\/wp-content\/uploads\/2019\/11\/P1010204_DxO-2048x719.jpg 2048w\" sizes=\"(max-width: 2560px) 100vw, 2560px\" \/>\t\t\t\t<div class=\"eihe-caption\">\n\t\t\t\t\t<div class=\"eihe-title-cover\">\n\t\t\t\t\t\t\t\t\t\t\t\t<h3 class=\"eihe-title\">Capteur prot\u00e9g\u00e9 par son \u00e9tui<\/h3>\n\t\t\t\t\t\t\t\t\t\t\t<\/div>\n\t\t\t\t\t<p>La fragilit\u00e9 de ces capteurs impose l'utilisation d'une coque de protection.<\/p>\n\t\t\t\t<\/div>\n\t\t\t<\/div>\n\t\t\t\t\t\t<\/div>\n\t\t\t\t<\/div>\n\t\t\t\t\t<\/div>\n\t\t<\/div>\n\t\t\t\t\t<\/div>\n\t\t<\/section>\n\t\t\t\t<section class=\"elementor-section elementor-top-section elementor-element elementor-element-d063fe2 elementor-section-boxed elementor-section-height-default elementor-section-height-default\" data-id=\"d063fe2\" data-element_type=\"section\" data-settings=\"{&quot;background_background&quot;:&quot;classic&quot;}\">\n\t\t\t\t\t\t<div class=\"elementor-container elementor-column-gap-default\">\n\t\t\t\t\t<div class=\"elementor-column elementor-col-100 elementor-top-column elementor-element elementor-element-3cdec0b\" data-id=\"3cdec0b\" data-element_type=\"column\">\n\t\t\t<div class=\"elementor-widget-wrap elementor-element-populated\">\n\t\t\t\t\t\t<div class=\"elementor-element elementor-element-7b80ab2 elementor-widget elementor-widget-e_image_hover_effects\" data-id=\"7b80ab2\" data-element_type=\"widget\" data-widget_type=\"e_image_hover_effects.default\">\n\t\t\t\t<div class=\"elementor-widget-container\">\n\t\t\t\t\t\t\t\t<div class=\"eihe-box eihe-fade-in-up eihe_\">\n\t\t\t\t<img loading=\"lazy\" decoding=\"async\" width=\"2560\" height=\"1124\" src=\"https:\/\/epiranc.com\/wp-content\/uploads\/2019\/11\/IMAG3178_DxO-1-scaled.jpg\" class=\"attachment-full size-full wp-image-156\" alt=\"\" srcset=\"https:\/\/epiranc.com\/wp-content\/uploads\/2019\/11\/IMAG3178_DxO-1-scaled.jpg 2560w, https:\/\/epiranc.com\/wp-content\/uploads\/2019\/11\/IMAG3178_DxO-1-300x132.jpg 300w, https:\/\/epiranc.com\/wp-content\/uploads\/2019\/11\/IMAG3178_DxO-1-1024x449.jpg 1024w, https:\/\/epiranc.com\/wp-content\/uploads\/2019\/11\/IMAG3178_DxO-1-768x337.jpg 768w, https:\/\/epiranc.com\/wp-content\/uploads\/2019\/11\/IMAG3178_DxO-1-1536x674.jpg 1536w, https:\/\/epiranc.com\/wp-content\/uploads\/2019\/11\/IMAG3178_DxO-1-2048x899.jpg 2048w\" sizes=\"(max-width: 2560px) 100vw, 2560px\" \/>\t\t\t\t<div class=\"eihe-caption\">\n\t\t\t\t\t<div class=\"eihe-title-cover\">\n\t\t\t\t\t\t\t\t\t\t\t\t<h3 class=\"eihe-title\">Capteur en matrice<\/h3>\n\t\t\t\t\t\t\t\t\t\t\t<\/div>\n\t\t\t\t\t<p>En fonction de la configuration du syst\u00e8me \u00e0 instrumenter il est possible d'utiliser une matrice.<\/p>\n\t\t\t\t<\/div>\n\t\t\t<\/div>\n\t\t\t\t\t\t<\/div>\n\t\t\t\t<\/div>\n\t\t\t\t\t<\/div>\n\t\t<\/div>\n\t\t\t\t\t<\/div>\n\t\t<\/section>\n\t\t\t\t<section class=\"elementor-section elementor-top-section elementor-element elementor-element-e80c8c9 elementor-section-boxed elementor-section-height-default elementor-section-height-default\" data-id=\"e80c8c9\" data-element_type=\"section\" data-settings=\"{&quot;background_background&quot;:&quot;classic&quot;}\">\n\t\t\t\t\t\t<div class=\"elementor-container elementor-column-gap-default\">\n\t\t\t\t\t<div class=\"elementor-column elementor-col-100 elementor-top-column elementor-element elementor-element-3871f7b\" data-id=\"3871f7b\" data-element_type=\"column\">\n\t\t\t<div class=\"elementor-widget-wrap elementor-element-populated\">\n\t\t\t\t\t\t<div class=\"elementor-element elementor-element-08f3d21 elementor-widget elementor-widget-e_image_hover_effects\" data-id=\"08f3d21\" data-element_type=\"widget\" data-widget_type=\"e_image_hover_effects.default\">\n\t\t\t\t<div class=\"elementor-widget-container\">\n\t\t\t\t\t\t\t\t<div class=\"eihe-box eihe-fade-in-up eihe_\">\n\t\t\t\t<img loading=\"lazy\" decoding=\"async\" width=\"2560\" height=\"1920\" src=\"https:\/\/epiranc.com\/wp-content\/uploads\/2019\/11\/P1010153_DxO-scaled.jpg\" class=\"attachment-full size-full wp-image-157\" alt=\"\" srcset=\"https:\/\/epiranc.com\/wp-content\/uploads\/2019\/11\/P1010153_DxO-scaled.jpg 2560w, https:\/\/epiranc.com\/wp-content\/uploads\/2019\/11\/P1010153_DxO-300x225.jpg 300w, https:\/\/epiranc.com\/wp-content\/uploads\/2019\/11\/P1010153_DxO-1024x768.jpg 1024w, https:\/\/epiranc.com\/wp-content\/uploads\/2019\/11\/P1010153_DxO-768x576.jpg 768w, https:\/\/epiranc.com\/wp-content\/uploads\/2019\/11\/P1010153_DxO-1536x1152.jpg 1536w, https:\/\/epiranc.com\/wp-content\/uploads\/2019\/11\/P1010153_DxO-2048x1536.jpg 2048w\" sizes=\"(max-width: 2560px) 100vw, 2560px\" \/>\t\t\t\t<div class=\"eihe-caption\">\n\t\t\t\t\t<div class=\"eihe-title-cover\">\n\t\t\t\t\t\t\t\t\t\t\t\t<h3 class=\"eihe-title\">Superposition de matrices<\/h3>\n\t\t\t\t\t\t\t\t\t\t\t<\/div>\n\t\t\t\t\t<p>La superposition de deux capteurs dans le flux de l'\u00e9coulement permet dans certaines configurations de mesurer la vitesse d'un \u00e9coulement.<\/p>\n\t\t\t\t<\/div>\n\t\t\t<\/div>\n\t\t\t\t\t\t<\/div>\n\t\t\t\t<\/div>\n\t\t\t\t\t<\/div>\n\t\t<\/div>\n\t\t\t\t\t<\/div>\n\t\t<\/section>\n\t\t\t\t<\/div>\n\t\t","protected":false},"excerpt":{"rendered":"<p>Agrandissement d&#8217;un microthermocouple Les microthermocouples sont confectionn\u00e9s \u00e0 partir d&#8217;un couple d&#8217;alliage m\u00e9tallique permettant d&#8217;offrir un effet Seebek maximum. Par &hellip; <\/p>\n<p><a href=\"https:\/\/epiranc.com\/?page_id=88\" class=\"more-link\">Read More<\/a><\/p>\n","protected":false},"author":1,"featured_media":0,"parent":53,"menu_order":0,"comment_status":"closed","ping_status":"closed","template":"elementor_header_footer","meta":{"footnotes":""},"class_list":["post-88","page","type-page","status-publish","hentry"],"_links":{"self":[{"href":"https:\/\/epiranc.com\/index.php?rest_route=\/wp\/v2\/pages\/88","targetHints":{"allow":["GET"]}}],"collection":[{"href":"https:\/\/epiranc.com\/index.php?rest_route=\/wp\/v2\/pages"}],"about":[{"href":"https:\/\/epiranc.com\/index.php?rest_route=\/wp\/v2\/types\/page"}],"author":[{"embeddable":true,"href":"https:\/\/epiranc.com\/index.php?rest_route=\/wp\/v2\/users\/1"}],"replies":[{"embeddable":true,"href":"https:\/\/epiranc.com\/index.php?rest_route=%2Fwp%2Fv2%2Fcomments&post=88"}],"version-history":[{"count":16,"href":"https:\/\/epiranc.com\/index.php?rest_route=\/wp\/v2\/pages\/88\/revisions"}],"predecessor-version":[{"id":190,"href":"https:\/\/epiranc.com\/index.php?rest_route=\/wp\/v2\/pages\/88\/revisions\/190"}],"up":[{"embeddable":true,"href":"https:\/\/epiranc.com\/index.php?rest_route=\/wp\/v2\/pages\/53"}],"wp:attachment":[{"href":"https:\/\/epiranc.com\/index.php?rest_route=%2Fwp%2Fv2%2Fmedia&parent=88"}],"curies":[{"name":"wp","href":"https:\/\/api.w.org\/{rel}","templated":true}]}}